{"id":8641,"date":"2021-06-28T08:07:34","date_gmt":"2021-06-28T08:07:34","guid":{"rendered":"http:\/\/paristouristinformation.fr\/fr\/things-to-do\/museum\/clone-of-guide-to-rodin-museum-in-paris\/"},"modified":"2023-05-16T06:38:47","modified_gmt":"2023-05-16T06:38:47","slug":"vincennes","status":"publish","type":"page","link":"https:\/\/www.paristouristinformation.fr\/fr\/choses-a-faire\/musees\/vincennes\/","title":{"rendered":"Guide du Ch\u00e2teau de Vincennes \u00e0 Paris"},"content":{"rendered":"<p>Le Ch\u00e2teau de Vincennes est un impressionnant ch\u00e2teau m\u00e9di\u00e9val situ\u00e9 dans la ville de Vincennes, \u00e0 l&rsquo;est de Paris. Il a servi de r\u00e9sidence royale \u00e0 la France du 14e au 17e si\u00e8cle.Vous pouvez vous sentir au Moyen \u00c2ge en passant une journ\u00e9e au Ch\u00e2teau de Vincennes, qui est facilement accessible par le m\u00e9tro parisien.D\u00e9couvrons ce qui attend les visiteurs au Ch\u00e2teau de Vincennes.<\/p>\n<ul>\n<li><span style=\"\">Vous pr\u00e9parez votre voyage \u00e0 Paris ? Nous vous avons pr\u00e9par\u00e9 une liste des <a href=\"https:\/\/paristouristinformation.fr\/fr\/choses-a-faire\/musees\/\">30 meilleurs mus\u00e9es \u00e0 visiter \u00e0 Paris.<\/a><\/span><\/li>\n<\/ul>\n<p><span><img decoding=\"async\" alt=\"chateau des vincennes in Paris in France 2\" data-id=\"8710\" width=\"736\" data-init-width=\"1000\" height=\"493\" data-init-height=\"670\" title=\"chateau des vincennes in Paris in France 2\" src=\"http:\/\/paristouristinformation.fr\/fr\/wp-content\/uploads\/2021\/07\/chateau-des-vincennes-in-Paris-in-France-2.jpg\" data-width=\"736\" data-height=\"493\" style=\"\" loading=\"lazy\"><\/span><\/p>\n<ul>\n<li><a rel=\"noreferrer noopener nofollow\" href=\"https:\/\/pinterest.com\/pin\/create\/button\/?url=https:\/\/www.paristouristinformation.fr\/fr\/choses-a-faire\/musees\/vincennes\/?tve=true&amp;tcbf=693c53471a&amp;is_video=false&amp;media=http:\/\/paristouristinformation.fr\/fr\/wp-content\/uploads\/2021\/07\/chateau-des-vincennes-in-Paris-in-France-2.jpg&amp;description=Guide%20du%20Ch%C3%A2teau%20de%20Vincennes%20%7C%20ParisTouristInformation.fr\" onclick=\"essb.window('https:\/\/pinterest.com\/pin\/create\/button\/?url=https:\/\/www.paristouristinformation.fr\/fr\/choses-a-faire\/musees\/vincennes\/?tve=true&amp;tcbf=693c53471a&amp;is_video=false&amp;media=http:\/\/paristouristinformation.fr\/fr\/wp-content\/uploads\/2021\/07\/chateau-des-vincennes-in-Paris-in-France-2.jpg&amp;description=Guide%20du%20Ch%C3%A2teau%20de%20Vincennes%20%7C%20ParisTouristInformation.fr','pinpro','l04yib3q'); return false;\" target=\"_blank\"><span><\/span><span>Pin<\/span><\/a><\/li>\n<\/ul>\n<h2 id=\"t-1612277413546\" data-alt-text=\"What can I do at Rodin Museum ?\">Que puis-je faire au Ch\u00e2teau de Vincennes ?<\/h2>\n<p>Vous pouvez vous promener gratuitement dans la jolie cour ou obtenir un billet pour voir l&rsquo;int\u00e9rieur. Les murs qui entourent le ch\u00e2teau font environ 1200 m\u00e8tres de long. Le ch\u00e2teau de Vincennes est rest\u00e9 une r\u00e9sidence royale jusqu&rsquo;au XVIIe si\u00e8cle, lorsque Louis XIV a fait construire Versailles. Le ch\u00e2teau se compose de plusieurs ensembles de b\u00e2timents. La tour du donjon, haute de 52 m\u00e8tres, est la plus haute structure fortifi\u00e9e m\u00e9di\u00e9vale d&rsquo;Europe. Le donjon abrite un mus\u00e9e du Service historique de la d\u00e9fense de la France.Il y a six tours et trois portes entour\u00e9es d&rsquo;un profond foss\u00e9 bord\u00e9 de pierres. L&rsquo;\u00e9norme foss\u00e9 \u00e9tait autrefois rempli d&rsquo;eau. Les premier et deuxi\u00e8me \u00e9tages \u00e9taient les appartements royaux. Les trois autres niveaux sup\u00e9rieurs abritaient le personnel et les soldats.<\/p>\n<h3>Sainte-Chapelle de Vincennes<\/h3>\n<p>La Sainte-Chapelle de Vincennes est une chapelle m\u00e9di\u00e9vale de style gothique fond\u00e9e au XIVe si\u00e8cle \u00e0 la demande du roi Charles V dans l&rsquo;enceinte du ch\u00e2teau de Vincennes.La chapelle abrite les tombes de Bernardin Gigault et de Louis Antoine, duc d&rsquo;Enghien.Si vous choisissez d&rsquo;assister \u00e0 une visite guid\u00e9e, il est possible de visiter les niveaux sup\u00e9rieurs du donjon o\u00f9 vous pourrez prendre des photos \u00e9tonnantes du ch\u00e2teau et observer le parc vert de Vincennes.<\/p>\n<p><span><img decoding=\"async\" alt=\"chateau des vincennes in Paris in France 3\" data-id=\"8708\" width=\"736\" data-init-width=\"1000\" height=\"493\" data-init-height=\"670\" title=\"chateau des vincennes in Paris in France 3\" src=\"http:\/\/paristouristinformation.fr\/fr\/wp-content\/uploads\/2021\/07\/chateau-des-vincennes-in-Paris-in-France-3.jpg\" data-width=\"736\" data-height=\"493\" style=\"\" loading=\"lazy\"><\/span><\/p>\n<ul>\n<li><a rel=\"noreferrer noopener nofollow\" href=\"https:\/\/pinterest.com\/pin\/create\/button\/?url=https:\/\/www.paristouristinformation.fr\/fr\/choses-a-faire\/musees\/vincennes\/?tve=true&amp;tcbf=693c53471a&amp;is_video=false&amp;media=http:\/\/paristouristinformation.fr\/fr\/wp-content\/uploads\/2021\/07\/chateau-des-vincennes-in-Paris-in-France-3.jpg&amp;description=Guide%20du%20Ch%C3%A2teau%20de%20Vincennes%20%7C%20ParisTouristInformation.fr\" onclick=\"essb.window('https:\/\/pinterest.com\/pin\/create\/button\/?url=https:\/\/www.paristouristinformation.fr\/fr\/choses-a-faire\/musees\/vincennes\/?tve=true&amp;tcbf=693c53471a&amp;is_video=false&amp;media=http:\/\/paristouristinformation.fr\/fr\/wp-content\/uploads\/2021\/07\/chateau-des-vincennes-in-Paris-in-France-3.jpg&amp;description=Guide%20du%20Ch%C3%A2teau%20de%20Vincennes%20%7C%20ParisTouristInformation.fr','pinpro','l04yib3v'); return false;\" target=\"_blank\"><span><\/span><span>Pin<\/span><\/a><\/li>\n<\/ul>\n<h2 id=\"t-1612277413547\" data-alt-text=\"Entrance, Tickets and Tours\">Entr\u00e9e, Billets et Visites au Ch\u00e2teau de Vincennes<\/h2>\n<ul>\n<li style=\"\"><span style=\"\"><strong>Billets :<\/strong><a href=\"https:\/\/ticket.monuments-nationaux.fr\/Accueil.aspx?anchor=tarif\" target=\"_blank\" style=\"outline: none;\" rel=\"noopener nofollow\">Billet en ligne pour le ch\u00e2teau de Vincennes<\/a><\/span><\/li>\n<li><span>Le ch\u00e2teau de Vincennes peut \u00eatre visit\u00e9 de 10 h \u00e0 17 h du 22 septembre au 20 mai et de 10 h \u00e0 18 h du 21 mai au 21 septembre.<\/span><\/li>\n<li><span>Le ch\u00e2teau de Vincennes peut \u00eatre visit\u00e9 gratuitement les premiers dimanches de novembre, d\u00e9cembre, janvier, f\u00e9vrier et mars.<\/span><\/li>\n<li><span style=\"\"><strong>Visites :<\/strong> Il existe des visites audio autoguid\u00e9es dans de nombreuses langues. Les visites guid\u00e9es sont propos\u00e9es uniquement en fran\u00e7ais actuellement et durent environ 1 heure et demie. (tous les jours : 10h30, 14h15, 15h &#8211; sans r\u00e9servation)<\/span><\/li>\n<\/ul>\n<ul>\n<li><span style=\"\">Pour gagner du temps, de l&rsquo;argent et \u00e9viter les tracas, vous pouvez pr\u00e9parer votre voyage en achetant le <a href=\"https:\/\/paristouristinformation.fr\/fr\/visites-guidees-et-billets\/\">Paris Museum Pass<\/a>. Il donne acc\u00e8s \u00e0 <span style=\"text-decoration: underline;\">plus de 50 mus\u00e9es parisiens<\/span>. A ne pas manquer !<\/span><\/li>\n<\/ul>\n<p><span><img decoding=\"async\" alt=\"chateau des vincennes in Paris in France 1\" data-id=\"8709\" width=\"736\" data-init-width=\"1000\" height=\"493\" data-init-height=\"670\" title=\"chateau des vincennes in Paris in France 1\" src=\"http:\/\/paristouristinformation.fr\/fr\/wp-content\/uploads\/2021\/07\/chateau-des-vincennes-in-Paris-in-France-1-1.jpg\" data-width=\"736\" data-height=\"493\" style=\"\" loading=\"lazy\"><\/span><\/p>\n<ul>\n<li><a rel=\"noreferrer noopener nofollow\" href=\"https:\/\/pinterest.com\/pin\/create\/button\/?url=https:\/\/www.paristouristinformation.fr\/fr\/choses-a-faire\/musees\/vincennes\/?tve=true&amp;tcbf=693c53471a&amp;is_video=false&amp;media=http:\/\/paristouristinformation.fr\/fr\/wp-content\/uploads\/2021\/07\/chateau-des-vincennes-in-Paris-in-France-1-1.jpg&amp;description=Guide%20du%20Ch%C3%A2teau%20de%20Vincennes%20%7C%20ParisTouristInformation.fr\" onclick=\"essb.window(&#039;https:\/\/pinterest.com\/pin\/create\/button\/?url=https:\/\/www.paristouristinformation.fr\/fr\/choses-a-faire\/musees\/vincennes\/?tve=true&amp;tcbf=693c53471a&amp;is_video=false&amp;media=http:\/\/paristouristinformation.fr\/fr\/wp-content\/uploads\/2021\/07\/chateau-des-vincennes-in-Paris-in-France-1-1.jpg&amp;description=Guide%20du%20Ch%C3%A2teau%20de%20Vincennes%20%7C%20ParisTouristInformation.fr&#039;,&#039;pinpro&#039;,&#039;l04yib40&#039;); return false;\" target=\"_blank\"><span><\/span><span>Pin<\/span><\/a><\/li>\n<\/ul>\n<h2 id=\"t-1612277413548\" data-alt-text=\"How to get there ?\">Comment se rendre au Ch\u00e2teau de Vincennes&nbsp;<\/h2>\n<ul>\n<li><strong>M\u00e9tro :<\/strong> La station la plus proche est \u00ab\u00a0Ch\u00e2teau de Vincennes\u00a0\u00bb sur la ligne 1 du m\u00e9tro. C&rsquo;est la derni\u00e8re station du c\u00f4t\u00e9 est de la ligne 1.<\/li>\n<li><strong>RER A :<\/strong> Vous pouvez prendre le RER depuis les stations Chatelet-les-Halles ou Nation pour rejoindre Vincennes.<\/li>\n<li><strong>Bus :<\/strong> 46, 56, et 86<\/li>\n<\/ul>\n<p><span><img decoding=\"async\" alt=\"chateau des vincennes in Paris in France\" data-id=\"8707\" width=\"736\" data-init-width=\"1000\" height=\"493\" data-init-height=\"670\" title=\"chateau des vincennes in Paris in France\" src=\"http:\/\/paristouristinformation.fr\/fr\/wp-content\/uploads\/2021\/07\/chateau-des-vincennes-in-Paris-in-France.jpg\" data-width=\"736\" data-height=\"493\" style=\"\" loading=\"lazy\"><\/span><\/p>\n<ul>\n<li><a rel=\"noreferrer noopener nofollow\" href=\"https:\/\/pinterest.com\/pin\/create\/button\/?url=https:\/\/www.paristouristinformation.fr\/fr\/choses-a-faire\/musees\/vincennes\/?tve=true&amp;tcbf=693c53471a&amp;is_video=false&amp;media=http:\/\/paristouristinformation.fr\/fr\/wp-content\/uploads\/2021\/07\/chateau-des-vincennes-in-Paris-in-France.jpg&amp;description=Guide%20du%20Ch%C3%A2teau%20de%20Vincennes%20%7C%20ParisTouristInformation.fr\" onclick=\"essb.window(&#039;https:\/\/pinterest.com\/pin\/create\/button\/?url=https:\/\/www.paristouristinformation.fr\/fr\/choses-a-faire\/musees\/vincennes\/?tve=true&amp;tcbf=693c53471a&amp;is_video=false&amp;media=http:\/\/paristouristinformation.fr\/fr\/wp-content\/uploads\/2021\/07\/chateau-des-vincennes-in-Paris-in-France.jpg&amp;description=Guide%20du%20Ch%C3%A2teau%20de%20Vincennes%20%7C%20ParisTouristInformation.fr&#039;,&#039;pinpro&#039;,&#039;l04yib45&#039;); return false;\" target=\"_blank\"><span><\/span><span>Pin<\/span><\/a><\/li>\n<\/ul>\n<h2 id=\"t-1612277413549\" data-alt-text=\"History of the Rodin Museum\">Histoire du Ch\u00e2teau de Vincennes<\/h2>\n<p>Le Ch\u00e2teau de Vincennes est consid\u00e9r\u00e9 comme un symbole de la France contemporaine. Il a servi de r\u00e9sidence aux rois de France pendant les guerres napol\u00e9oniennes et la Seconde Guerre mondiale. \u00c0 l&rsquo;\u00e9poque m\u00e9di\u00e9vale, le ch\u00e2teau de Vincennes ressemblait davantage \u00e0 une ville fortifi\u00e9e o\u00f9 plusieurs milliers de personnes vivaient entre ses murs.Le r\u00f4le principal du ch\u00e2teau \u00e9tait d&rsquo;assurer la protection du roi. Il a accueilli de nombreux \u00e9v\u00e9nements importants tels que des mariages et des naissances pour un certain nombre de monarques.Le ch\u00e2teau est class\u00e9 \u00ab\u00a0Monument national de France\u00a0\u00bb.<\/p>\n<div class=\"tcb-post-list tve-content-list thrv_wrapper\" data-type=\"grid\" data-pagination-type=\"none\" data-pages_near_current=\"2\" data-css=\"tve-u-60d98346054f57\" data-total_post_count=\"3\" data-total_sticky_count=\"0\" data-no_posts_text=\"There are no posts to display.\"><article id=\"post-3461\" class=\"post-3461 page type-page status-publish has-post-thumbnail hentry post-wrapper thrv_wrapper thrive-animated-item \" tcb_hover_state_parent=\"\" shortcode=\"tcb_post_list\" data-id=\"3461\" data-selector=\".post-wrapper\"><style class=\"tcb-post-list-dynamic-style\" type=\"text\/css\"><\/style><\/p>\n<h3 style=\"\"><span data-attr-link=\"1\" data-attr-rel=\"0\" data-attr-target=\"0\" data-extra_key=\"\" data-option-inline=\"1\" data-shortcode=\"tcb_post_title\" data-shortcode-name=\"Post title\" data-attr-css=\"\" style=\"\" data-attr-static-link=\"{&quot;className&quot;:&quot;tve-froala fr-basic&quot;,&quot;href&quot;:&quot;https:\/\/www.paristouristinformation.fr\/fr\/choses-a-faire\/musees\/du-quai-branly\/&quot;,&quot;title&quot;:&quot;Guide du mus\u00e9e du Quai Branly \u00e0 Paris&quot;,&quot;class&quot;:&quot;tve-froala fr-basic&quot;}\"><a href=\"https:\/\/www.paristouristinformation.fr\/fr\/choses-a-faire\/musees\/du-quai-branly\/\" title=\"Guide du mus\u00e9e du Quai Branly \u00e0 Paris\" data-css=\"\" class=\"tve-froala fr-basic\">Guide du mus\u00e9e du Quai Branly \u00e0 Paris<\/a><\/span><\/h3>\n<p><\/article><article id=\"post-4004\" class=\"post-4004 page type-page status-publish has-post-thumbnail hentry post-wrapper thrv_wrapper thrive-animated-item \" tcb_hover_state_parent=\"\" shortcode=\"tcb_post_list\" data-id=\"4004\" data-selector=\".post-wrapper\"><style class=\"tcb-post-list-dynamic-style\" type=\"text\/css\"><\/style><\/p>\n<h3 style=\"\"><span data-attr-link=\"1\" data-attr-rel=\"0\" data-attr-target=\"0\" data-extra_key=\"\" data-option-inline=\"1\" data-shortcode=\"tcb_post_title\" data-shortcode-name=\"Post title\" data-attr-css=\"\" style=\"\" data-attr-static-link=\"{&quot;className&quot;:&quot;tve-froala fr-basic&quot;,&quot;href&quot;:&quot;https:\/\/www.paristouristinformation.fr\/fr\/choses-a-faire\/musees\/du-quai-branly\/&quot;,&quot;title&quot;:&quot;Guide du mus\u00e9e du Quai Branly \u00e0 Paris&quot;,&quot;class&quot;:&quot;tve-froala fr-basic&quot;}\"><a href=\"https:\/\/www.paristouristinformation.fr\/fr\/choses-a-faire\/musees\/picasso\/\" title=\"Guide du mus\u00e9e Picasso \u00e0 Paris : Conseils &amp; Billets\" data-css=\"\" class=\"tve-froala fr-basic\">Guide du mus\u00e9e Picasso \u00e0 Paris : Conseils &amp; Billets<\/a><\/span><\/h3>\n<p><\/article><article id=\"post-3690\" class=\"post-3690 page type-page status-publish has-post-thumbnail hentry post-wrapper thrv_wrapper thrive-animated-item \" tcb_hover_state_parent=\"\" shortcode=\"tcb_post_list\" data-id=\"3690\" data-selector=\".post-wrapper\"><style class=\"tcb-post-list-dynamic-style\" type=\"text\/css\"><\/style><\/p>\n<h3 style=\"\"><span data-attr-link=\"1\" data-attr-rel=\"0\" data-attr-target=\"0\" data-extra_key=\"\" data-option-inline=\"1\" data-shortcode=\"tcb_post_title\" data-shortcode-name=\"Post title\" data-attr-css=\"\" style=\"\" data-attr-static-link=\"{&quot;className&quot;:&quot;tve-froala fr-basic&quot;,&quot;href&quot;:&quot;https:\/\/www.paristouristinformation.fr\/fr\/choses-a-faire\/musees\/du-quai-branly\/&quot;,&quot;title&quot;:&quot;Guide du mus\u00e9e du Quai Branly \u00e0 Paris&quot;,&quot;class&quot;:&quot;tve-froala fr-basic&quot;}\"><a href=\"https:\/\/www.paristouristinformation.fr\/fr\/choses-a-faire\/eglise\/sacre-coeur-basilica\/\" title=\"Guide de la basilique du Sacr\u00e9-C\u0153ur \u00e0 Paris : Faut-il un billet ?\" data-css=\"\" class=\"tve-froala fr-basic\">Guide de la basilique du Sacr\u00e9-C\u0153ur \u00e0 Paris : Faut-il un billet ?<\/a><\/span><\/h3>\n<p><\/article><\/div>\n<h2 id=\"t-1612277413550\" data-alt-text=\"Contact\">Contact<\/h2>\n<ul>\n<li><span style=\"\"><strong>Adresse :&nbsp;<\/strong>Avenue de Paris, 94300 Vincennes, France<\/span><\/li>\n<li><span style=\"\"><strong>Heures d&rsquo;ouverture :&nbsp;<\/strong><a data-id=\"http:\/\/www.musee-rodin.fr\/en\/musee-rodin\" data-rich-text-format-boundary=\"true\" data-type=\"URL\" href=\"http:\/\/www.chateau-de-vincennes.fr\" style=\"outline: none;\" target=\"_blank\" rel=\"noopener nofollow\"> http:\/\/www.chateau-de-vincennes.fr<\/a><\/span><\/li>\n<li><span style=\"\"><strong>Transports en commun :<\/strong> Station \u00ab\u00a0Ch\u00e2teau de Vincennes\u00a0\u00bb sur la ligne 1 du m\u00e9tro.<\/span><\/li>\n<li style=\"\"><span style=\"\"><strong>Site web :&nbsp;<\/strong><a data-id=\"http:\/\/www.musee-rodin.fr\/en\/musee-rodin\" data-rich-text-format-boundary=\"true\" data-type=\"URL\" href=\"http:\/\/www.chateau-de-vincennes.fr\" style=\"outline: none;\" target=\"_blank\" rel=\"noopener nofollow\">http:\/\/www.chateau-de-vincennes.fr <\/a><\/span><\/li>\n<\/ul>\n<h2 style=\"\">Articles connexes :<\/h2>\n<div class=\"tcb-post-list tve-content-list thrv_wrapper\" data-type=\"grid\" data-pagination-type=\"none\" data-pages_near_current=\"2\" data-css=\"tve-u-17dddb4b1c6\" data-total_post_count=\"3\" data-total_sticky_count=\"0\" data-no_posts_text=\"There are no posts to display.\"><article id=\"post-2930\" class=\"post-2930 page type-page status-publish has-post-thumbnail hentry post-wrapper thrv_wrapper thrive-animated-item  tve_evt_manager_listen tve_ea_thrive_animation tve_et_mouseover tve_anim_grow\" tcb_hover_state_parent=\"\" class=\"tve_evt_manager_listen tve_ea_thrive_animation tve_et_mouseover tve_anim_grow\" data-id=\"2930\" data-selector=\".post-wrapper\"><style class=\"tcb-post-list-dynamic-style\" type=\"text\/css\">@media (min-width: 300px){[].tcb-post-list #post-2930 []{background-image: url(\u00ab\u00a0https:\/\/www.paristouristinformation.fr\/fr\/wp-content\/uploads\/2021\/01\/15-Best-Attractions-in-Paris-in-France-1024x538.jpg\u00ab\u00a0) !important;}[].tcb-post-list #post-2930 []:hover []{background-image: url(\u00ab\u00a0https:\/\/www.paristouristinformation.fr\/fr\/wp-content\/uploads\/2021\/01\/15-Best-Attractions-in-Paris-in-France-1024x538.jpg\u00ab\u00a0) !important;}}<\/style><a href=\"https:\/\/www.paristouristinformation.fr\/fr\/choses-a-faire\/attractions\/\" dynamic-postlink=\"tcb_post_the_permalink\" data-shortcode-id=\"56\"><\/a><\/p>\n<h3 style=\"text-align: center; padding-top: 0px !important; margin-top: 0px !important;\"><span data-attr-link=\"1\" data-attr-rel=\"0\" data-attr-target=\"0\" data-extra_key=\"\" data-option-inline=\"1\" data-shortcode=\"tcb_post_title\" data-shortcode-name=\"Post title\" data-attr-css=\"\" data-attr-static-link=\"{&quot;className&quot;:&quot;tve-froala fr-basic&quot;,&quot;href&quot;:&quot;https:\/\/www.paristouristinformation.fr\/fr\/choses-a-faire\/&quot;,&quot;title&quot;:&quot;100 Choses \u00e0 Faire \u00e0 Paris&quot;,&quot;class&quot;:&quot;tve-froala fr-basic&quot;}\" style=\"\"><a href=\"https:\/\/www.paristouristinformation.fr\/fr\/choses-a-faire\/attractions\/\" title=\"15 Attractions les mieux cot\u00e9es de Paris\" data-css=\"\" class=\"tve-froala fr-basic\">15 Attractions les mieux cot\u00e9es de Paris<\/a><\/span><\/h3>\n<p><\/article><article id=\"post-78\" class=\"post-78 page type-page status-publish has-post-thumbnail hentry post-wrapper thrv_wrapper thrive-animated-item  tve_evt_manager_listen tve_ea_thrive_animation tve_et_mouseover tve_anim_grow\" tcb_hover_state_parent=\"\" class=\"tve_evt_manager_listen tve_ea_thrive_animation tve_et_mouseover tve_anim_grow\" data-id=\"78\" data-selector=\".post-wrapper\"><style class=\"tcb-post-list-dynamic-style\" type=\"text\/css\">@media (min-width: 300px){[].tcb-post-list #post-78 []{background-image: url(\u00ab\u00a0https:\/\/www.paristouristinformation.fr\/fr\/wp-content\/uploads\/2021\/01\/27-Things-to-do-with-Kids-in-Paris-in-France-1024x538.jpg\u00ab\u00a0) !important;}[].tcb-post-list #post-78 []:hover []{background-image: url(\u00ab\u00a0https:\/\/www.paristouristinformation.fr\/fr\/wp-content\/uploads\/2021\/01\/27-Things-to-do-with-Kids-in-Paris-in-France-1024x538.jpg\u00ab\u00a0) !important;}}<\/style><a href=\"https:\/\/www.paristouristinformation.fr\/fr\/choses-a-faire\/avec-des-enfants\/\" dynamic-postlink=\"tcb_post_the_permalink\" data-shortcode-id=\"56\"><\/a><\/p>\n<h3 style=\"text-align: center; padding-top: 0px !important; margin-top: 0px !important;\"><span data-attr-link=\"1\" data-attr-rel=\"0\" data-attr-target=\"0\" data-extra_key=\"\" data-option-inline=\"1\" data-shortcode=\"tcb_post_title\" data-shortcode-name=\"Post title\" data-attr-css=\"\" data-attr-static-link=\"{&quot;className&quot;:&quot;tve-froala fr-basic&quot;,&quot;href&quot;:&quot;https:\/\/www.paristouristinformation.fr\/fr\/choses-a-faire\/&quot;,&quot;title&quot;:&quot;100 Choses \u00e0 Faire \u00e0 Paris&quot;,&quot;class&quot;:&quot;tve-froala fr-basic&quot;}\" style=\"\"><a href=\"https:\/\/www.paristouristinformation.fr\/fr\/choses-a-faire\/avec-des-enfants\/\" title=\"27 Choses \u00e0 faire avec des enfants \u00e0 Paris\" data-css=\"\" class=\"tve-froala fr-basic\">27 Choses \u00e0 faire avec des enfants \u00e0 Paris<\/a><\/span><\/h3>\n<p><\/article><article id=\"post-73\" class=\"post-73 page type-page status-publish has-post-thumbnail hentry post-wrapper thrv_wrapper thrive-animated-item  tve_evt_manager_listen tve_ea_thrive_animation tve_et_mouseover tve_anim_grow\" tcb_hover_state_parent=\"\" class=\"tve_evt_manager_listen tve_ea_thrive_animation tve_et_mouseover tve_anim_grow\" data-id=\"73\" data-selector=\".post-wrapper\"><style class=\"tcb-post-list-dynamic-style\" type=\"text\/css\">@media (min-width: 300px){[].tcb-post-list #post-73 []{background-image: url(\u00ab\u00a0https:\/\/www.paristouristinformation.fr\/fr\/wp-content\/uploads\/2021\/01\/10-Best-Free-Things-To-Do-in-Paris-1024x538.jpg\u00ab\u00a0) !important;}[].tcb-post-list #post-73 []:hover []{background-image: url(\u00ab\u00a0https:\/\/www.paristouristinformation.fr\/fr\/wp-content\/uploads\/2021\/01\/10-Best-Free-Things-To-Do-in-Paris-1024x538.jpg\u00ab\u00a0) !important;}}<\/style><a href=\"https:\/\/www.paristouristinformation.fr\/fr\/choses-a-faire\/gratuit\/\" dynamic-postlink=\"tcb_post_the_permalink\" data-shortcode-id=\"56\"><\/a><\/p>\n<h3 style=\"text-align: center; padding-top: 0px !important; margin-top: 0px !important;\"><span data-attr-link=\"1\" data-attr-rel=\"0\" data-attr-target=\"0\" data-extra_key=\"\" data-option-inline=\"1\" data-shortcode=\"tcb_post_title\" data-shortcode-name=\"Post title\" data-attr-css=\"\" data-attr-static-link=\"{&quot;className&quot;:&quot;tve-froala fr-basic&quot;,&quot;href&quot;:&quot;https:\/\/www.paristouristinformation.fr\/fr\/choses-a-faire\/&quot;,&quot;title&quot;:&quot;100 Choses \u00e0 Faire \u00e0 Paris&quot;,&quot;class&quot;:&quot;tve-froala fr-basic&quot;}\" style=\"\"><a href=\"https:\/\/www.paristouristinformation.fr\/fr\/choses-a-faire\/gratuit\/\" title=\"10 Meilleures Choses \u00e0 Faire \u00e0 Paris\" data-css=\"\" class=\"tve-froala fr-basic\">10 Meilleures Choses \u00e0 Faire \u00e0 Paris<\/a><\/span><\/h3>\n<p><\/article><\/div>\n","protected":false},"excerpt":{"rendered":"<p>Le Ch\u00e2teau de Vincennes est un impressionnant ch\u00e2teau m\u00e9di\u00e9val situ\u00e9 dans la ville de Vincennes, \u00e0 l&rsquo;est de Paris. Il a servi de r\u00e9sidence royale \u00e0 la France du 14e au 17e si\u00e8cle.Vous pouvez vous sentir au Moyen \u00c2ge en passant une journ\u00e9e au Ch\u00e2teau de Vincennes, qui est facilement accessible par le m\u00e9tro parisien.D\u00e9couvrons [&hellip;]<\/p>\n","protected":false},"author":11,"featured_media":8695,"parent":68,"menu_order":0,"comment_status":"closed","ping_status":"closed","template":"","meta":{"footnotes":""},"tags":[],"class_list":{"0":"post-8641","1":"page","2":"type-page","3":"status-publish","4":"has-post-thumbnail","5":"hentry","6":"post-wrapper","7":"thrv_wrapper","10":"thrive-animated-item"},"_links":{"self":[{"href":"https:\/\/www.paristouristinformation.fr\/fr\/wp-json\/wp\/v2\/pages\/8641","targetHints":{"allow":["GET"]}}],"collection":[{"href":"https:\/\/www.paristouristinformation.fr\/fr\/wp-json\/wp\/v2\/pages"}],"about":[{"href":"https:\/\/www.paristouristinformation.fr\/fr\/wp-json\/wp\/v2\/types\/page"}],"author":[{"embeddable":true,"href":"https:\/\/www.paristouristinformation.fr\/fr\/wp-json\/wp\/v2\/users\/11"}],"replies":[{"embeddable":true,"href":"https:\/\/www.paristouristinformation.fr\/fr\/wp-json\/wp\/v2\/comments?post=8641"}],"version-history":[{"count":0,"href":"https:\/\/www.paristouristinformation.fr\/fr\/wp-json\/wp\/v2\/pages\/8641\/revisions"}],"up":[{"embeddable":true,"href":"https:\/\/www.paristouristinformation.fr\/fr\/wp-json\/wp\/v2\/pages\/68"}],"wp:featuredmedia":[{"embeddable":true,"href":"https:\/\/www.paristouristinformation.fr\/fr\/wp-json\/wp\/v2\/media\/8695"}],"wp:attachment":[{"href":"https:\/\/www.paristouristinformation.fr\/fr\/wp-json\/wp\/v2\/media?parent=8641"}],"wp:term":[{"taxonomy":"post_tag","embeddable":true,"href":"https:\/\/www.paristouristinformation.fr\/fr\/wp-json\/wp\/v2\/tags?post=8641"}],"curies":[{"name":"wp","href":"https:\/\/api.w.org\/{rel}","templated":true}]}}