{"id":8889,"date":"2021-12-09T13:53:53","date_gmt":"2021-12-09T13:53:53","guid":{"rendered":"http:\/\/paristouristinformation.fr\/fr\/?page_id=8889"},"modified":"2023-05-16T08:45:28","modified_gmt":"2023-05-16T08:45:28","slug":"eviter-les-pickpockets-paris","status":"publish","type":"page","link":"https:\/\/www.paristouristinformation.fr\/fr\/faq\/eviter-les-pickpockets-paris\/","title":{"rendered":"Comment \u00e9viter les pickpockets \u00e0 Paris ? Des conseils simples mais utiles"},"content":{"rendered":"<p>Personne n&rsquo;a envie de se faire voler en plein milieu de ses vacances, dans un moment de distraction fugace. Dans de nombreux cas, les pickpockets sont difficiles \u00e0 \u00e9viter. Ils font de leur mieux pour se fondre dans leur environnement et rester hors de vue.Nous vous avons donn\u00e9 dans cet article quelques conseils simples pour \u00e9viter les pickpockets \u00e0 Paris.<\/p>\n<h2 id=\"t-1610539832044\" style=\"\">Que puis-je faire pour \u00e9viter les pickpockets ?<\/h2>\n<p>La police de Paris met en garde les \u00e9trangers contre les rues \u00e9troites de Monmarte et Pigalle, autour de la Tour Eiffel et de la station Gar du Nord. On dit qu&rsquo;il y a des voleurs dans ces endroits. Soyez toujours vigilants dans les endroits bond\u00e9s comme les transports publics. Par exemple, la Tour Eiffel \u00e0 Paris accueille des dizaines de milliers de touristes chaque jour. La ligne 6 du m\u00e9tro, qui passe par la tour, est une ligne \u00e0 haut risque pour ce type de d\u00e9lit.Certains inconnus peuvent essayer de faire la conversation et \u00eatre tr\u00e8s bavards pour tromper les touristes.<\/p>\n<p><span><img decoding=\"async\" alt=\"pickpockets in Paris in France.j.pg\" data-id=\"9029\" width=\"736\" data-init-width=\"1000\" height=\"493\" data-init-height=\"670\" title=\"pickpockets in Paris in France.j.pg\" src=\"http:\/\/paristouristinformation.fr\/fr\/wp-content\/uploads\/2021\/07\/pickpockets-in-Paris-in-France.j.pg_.jpg\" data-width=\"736\" data-height=\"493\" style=\"\" loading=\"lazy\"><\/span><\/p>\n<ul>\n<li><a rel=\"noreferrer noopener nofollow\" href=\"https:\/\/pinterest.com\/pin\/create\/button\/?url=https:\/\/www.paristouristinformation.fr\/fr\/faq\/eviter-les-pickpockets-paris\/?tve=true&amp;tcbf=3ea88dfd6d&amp;is_video=false&amp;media=http:\/\/paristouristinformation.fr\/fr\/wp-content\/uploads\/2021\/07\/pickpockets-in-Paris-in-France.j.pg_.jpg&amp;description=Comment%20%C3%A9viter%20les%20pickpockets%20%C3%A0%20Paris%20%3F%20Des%20conseils%20simples%20mais%20utiles%20%7C%20ParisTouristInformation.fr\" onclick=\"essb.window('https:\/\/pinterest.com\/pin\/create\/button\/?url=https:\/\/www.paristouristinformation.fr\/fr\/faq\/eviter-les-pickpockets-paris\/?tve=true&amp;tcbf=3ea88dfd6d&amp;is_video=false&amp;media=http:\/\/paristouristinformation.fr\/fr\/wp-content\/uploads\/2021\/07\/pickpockets-in-Paris-in-France.j.pg_.jpg&amp;description=Comment%20%C3%A9viter%20les%20pickpockets%20%C3%A0%20Paris%20%3F%20Des%20conseils%20simples%20mais%20utiles%20%7C%20ParisTouristInformation.fr','pinpro','l0apyjfu'); return false;\" target=\"_blank\"><span><\/span><span>Pin<\/span><\/a><\/li>\n<\/ul>\n<h3 style=\"\">Comment porter votre sac<\/h3>\n<ul>\n<li><span style=\"\">On constate que les sacs \u00e0 ceinture sont revenus \u00e0 la mode ces derni\u00e8res ann\u00e9es. Bien qu&rsquo;il s&rsquo;agisse d&rsquo;un bon article pour transporter en toute s\u00e9curit\u00e9 des objets importants lors de vos voyages, il est utile de choisir des mod\u00e8les antivol plut\u00f4t que des mod\u00e8les verrouill\u00e9s en plastique. Ils sont id\u00e9aux pour de courtes excursions o\u00f9 vous n&rsquo;aurez pas besoin de quelque chose de plus grand.<\/span><\/li>\n<li style=\"\"><span style=\"\">Plus les sacs sont petits, mieux c&rsquo;est. Vous devriez garder votre sac sur vos genoux, surtout lorsque vous \u00eates assis pendant les pauses, au lieu de le suspendre ou de le poser sur le sol.<\/span><\/li>\n<li><span style=\"\">Vous pouvez utiliser un sac de voyage s\u00fbr qui peut \u00eatre boucl\u00e9 comme une croix, ce qui le rend difficile \u00e0 attraper et \u00e0 fuir. C&rsquo;est le moyen le plus s\u00fbr de toujours avoir vos effets personnels sur vous.<\/span><\/li>\n<\/ul>\n<h3 style=\"\">Comment porter son portefeuille<\/h3>\n<ul>\n<li><span style=\"\">Si vous avez une tenue avec une poche cach\u00e9e, gardez-y votre portefeuille. Les pickpockets ont tendance \u00e0 chercher des objets de valeur et de l&rsquo;argent dans des endroits visibles et ne savent pas o\u00f9 regarder si le portefeuille se trouve \u00e0 l&rsquo;int\u00e9rieur de leur veste, dans une poche invisible ou pr\u00e8s d&rsquo;une poche de poitrine.<\/span><\/li>\n<li style=\"\"><span style=\"\">Une fa\u00e7on intelligente de tromper les voleurs est de porter un faux portefeuille rempli de cartes vierges et de re\u00e7us. Cela peut servir d&rsquo;app\u00e2t lorsque quelqu&rsquo;un essaie de vous piquer, il suffit de jeter votre faux portefeuille par terre et de courir. Mais n&rsquo;encouragez pas les pickpockets \u00e0 s&rsquo;approcher de vous en portant votre faux portefeuille de mani\u00e8re visible.<\/span><\/li>\n<li><span style=\"\">Gardez toujours votre portefeuille dans votre poche avant. Il est pr\u00e9f\u00e9rable d&rsquo;utiliser un portefeuille en velcro ou en tissu plut\u00f4t qu&rsquo;en cuir lisse, car il est difficile de les enlever sans passer inaper\u00e7u.<\/span><\/li>\n<\/ul>\n<p><span><img decoding=\"async\" alt=\"pickpockets in Paris in France-\" data-id=\"9030\" width=\"736\" data-init-width=\"1000\" height=\"493\" data-init-height=\"670\" title=\"pickpockets in Paris in France-\" src=\"http:\/\/paristouristinformation.fr\/fr\/wp-content\/uploads\/2021\/07\/pickpockets-in-Paris-in-France-.jpg\" data-width=\"736\" data-height=\"493\" style=\"\" loading=\"lazy\"><\/span><\/p>\n<ul>\n<li><a rel=\"noreferrer noopener nofollow\" href=\"https:\/\/pinterest.com\/pin\/create\/button\/?url=https:\/\/www.paristouristinformation.fr\/fr\/faq\/eviter-les-pickpockets-paris\/?tve=true&amp;tcbf=3ea88dfd6d&amp;is_video=false&amp;media=http:\/\/paristouristinformation.fr\/fr\/wp-content\/uploads\/2021\/07\/pickpockets-in-Paris-in-France-.jpg&amp;description=Comment%20%C3%A9viter%20les%20pickpockets%20%C3%A0%20Paris%20%3F%20Des%20conseils%20simples%20mais%20utiles%20%7C%20ParisTouristInformation.fr\" onclick=\"essb.window('https:\/\/pinterest.com\/pin\/create\/button\/?url=https:\/\/www.paristouristinformation.fr\/fr\/faq\/eviter-les-pickpockets-paris\/?tve=true&amp;tcbf=3ea88dfd6d&amp;is_video=false&amp;media=http:\/\/paristouristinformation.fr\/fr\/wp-content\/uploads\/2021\/07\/pickpockets-in-Paris-in-France-.jpg&amp;description=Comment%20%C3%A9viter%20les%20pickpockets%20%C3%A0%20Paris%20%3F%20Des%20conseils%20simples%20mais%20utiles%20%7C%20ParisTouristInformation.fr','pinpro','l0apyjg1'); return false;\" target=\"_blank\"><span><\/span><span>Pin<\/span><\/a><\/li>\n<\/ul>\n<h3 style=\"\"><strong>\u00catre attentif \u00e0 certaines m\u00e9thodes bien connues<\/strong><\/h3>\n<ul>\n<li><span style=\"\">Prenez ce dont vous avez besoin et laissez le reste dans le coffre de l&rsquo;h\u00f4tel. Avant de sortir, mettez votre passeport, les cl\u00e9s de la maison, l&rsquo;argent en trop et les bijoux co\u00fbteux dans le coffre et verrouillez-le.<\/span><\/li>\n<li style=\"\"><span style=\"\">En tant que voyageur, nous ressentons souvent le besoin d&rsquo;utiliser naturellement notre t\u00e9l\u00e9phone portable pour trouver un itin\u00e9raire ou prendre des photos. Cependant, ne laissez pas votre t\u00e9l\u00e9phone vous distraire pendant longtemps. Si vous devez sortir votre t\u00e9l\u00e9phone, tenez-le fermement des deux mains et ne le regardez pas pendant plus de 5 \u00e0 10 secondes \u00e0 la fois.<\/span><\/li>\n<li><span style=\"\">Pour retirer de l&rsquo;argent, pr\u00e9f\u00e9rez les endroits plus calmes comme les restaurants et les h\u00f4tels qui ne sont pas tr\u00e8s fr\u00e9quent\u00e9s.<\/span><\/li>\n<\/ul>\n<p><span><img decoding=\"async\" alt=\"pickpockets in Paris in France\" data-id=\"9031\" width=\"736\" data-init-width=\"1000\" height=\"493\" data-init-height=\"670\" title=\"pickpockets in Paris in France\" src=\"http:\/\/paristouristinformation.fr\/fr\/wp-content\/uploads\/2021\/07\/pickpockets-in-Paris-in-France-1-1.jpg\" data-width=\"736\" data-height=\"493\" style=\"\" loading=\"lazy\"><\/span><\/p>\n<ul>\n<li><a rel=\"noreferrer noopener nofollow\" href=\"https:\/\/pinterest.com\/pin\/create\/button\/?url=https:\/\/www.paristouristinformation.fr\/fr\/faq\/eviter-les-pickpockets-paris\/?tve=true&amp;tcbf=3ea88dfd6d&amp;is_video=false&amp;media=http:\/\/paristouristinformation.fr\/fr\/wp-content\/uploads\/2021\/07\/pickpockets-in-Paris-in-France-1-1.jpg&amp;description=Comment%20%C3%A9viter%20les%20pickpockets%20%C3%A0%20Paris%20%3F%20Des%20conseils%20simples%20mais%20utiles%20%7C%20ParisTouristInformation.fr\" onclick=\"essb.window('https:\/\/pinterest.com\/pin\/create\/button\/?url=https:\/\/www.paristouristinformation.fr\/fr\/faq\/eviter-les-pickpockets-paris\/?tve=true&amp;tcbf=3ea88dfd6d&amp;is_video=false&amp;media=http:\/\/paristouristinformation.fr\/fr\/wp-content\/uploads\/2021\/07\/pickpockets-in-Paris-in-France-1-1.jpg&amp;description=Comment%20%C3%A9viter%20les%20pickpockets%20%C3%A0%20Paris%20%3F%20Des%20conseils%20simples%20mais%20utiles%20%7C%20ParisTouristInformation.fr','pinpro','l0apyjga'); return false;\" target=\"_blank\"><span><\/span><span>Pin<\/span><\/a><\/li>\n<\/ul>\n<h2 style=\"\" id=\"t-1646295694171\">FAQ &#8211; Foire aux questions<\/h2>\n<h2 style=\"\" id=\"t-1646295694172\">Articles connexes :<\/h2>\n<div class=\"tcb-post-list tve-content-list thrv_wrapper\" data-type=\"grid\" data-pagination-type=\"none\" data-pages_near_current=\"2\" data-css=\"tve-u-17de259edd8\" data-total_post_count=\"2\" data-total_sticky_count=\"0\" data-no_posts_text=\"There are no posts to display.\"><article id=\"post-8399\" class=\"post-8399 page type-page status-publish has-post-thumbnail hentry post-wrapper thrv_wrapper thrive-animated-item  tve_evt_manager_listen tve_ea_thrive_animation tve_et_mouseover tve_anim_grow\" tcb_hover_state_parent=\"\" class=\"tve_evt_manager_listen tve_ea_thrive_animation tve_et_mouseover tve_anim_grow\" data-id=\"8399\" data-selector=\".post-wrapper\"><style class=\"tcb-post-list-dynamic-style\" type=\"text\/css\">@media (min-width: 300px){[].tcb-post-list #post-8399 []{background-image: url(\u00ab\u00a0https:\/\/www.paristouristinformation.fr\/fr\/wp-content\/uploads\/2021\/03\/TOP-12-Best-Apps-to-Visit-Paris-Transport-Discovery-Tips-1024x538.jpg\u00ab\u00a0) !important;}[].tcb-post-list #post-8399 []:hover []{background-image: url(\u00ab\u00a0https:\/\/www.paristouristinformation.fr\/fr\/wp-content\/uploads\/2021\/03\/TOP-12-Best-Apps-to-Visit-Paris-Transport-Discovery-Tips-1024x538.jpg\u00ab\u00a0) !important;}}<\/style><a href=\"https:\/\/www.paristouristinformation.fr\/fr\/faq\/apps\/\" dynamic-postlink=\"tcb_post_the_permalink\" data-shortcode-id=\"8399\"><\/a><\/p>\n<h3 style=\"text-align: center; padding-top: 0px !important; margin-top: 0px !important;\"><span data-attr-link=\"1\" data-attr-rel=\"0\" data-attr-target=\"0\" data-extra_key=\"\" data-option-inline=\"1\" data-shortcode=\"tcb_post_title\" data-shortcode-name=\"Post title\" data-attr-css=\"\" data-attr-static-link=\"{&quot;className&quot;:&quot;tve-froala fr-basic&quot;,&quot;href&quot;:&quot;https:\/\/www.paristouristinformation.fr\/fr\/faq\/apps\/&quot;,&quot;title&quot;:&quot;TOP 12 des meilleures applications pour visiter Paris : Transport, d\u00e9couverte, conseils&quot;,&quot;class&quot;:&quot;tve-froala fr-basic&quot;}\" style=\"\"><a href=\"https:\/\/www.paristouristinformation.fr\/fr\/faq\/apps\/\" title=\"12 des meilleures applications de voyage pour visiter Paris : Transport, d\u00e9couverte, conseils\" data-css=\"\" class=\"tve-froala fr-basic\">12 des meilleures applications de voyage pour visiter Paris : Transport, d\u00e9couverte, conseils<\/a><\/span><\/h3>\n<p><\/article><article id=\"post-8115\" class=\"post-8115 page type-page status-publish has-post-thumbnail hentry post-wrapper thrv_wrapper thrive-animated-item  tve_evt_manager_listen tve_ea_thrive_animation tve_et_mouseover tve_anim_grow\" tcb_hover_state_parent=\"\" class=\"tve_evt_manager_listen tve_ea_thrive_animation tve_et_mouseover tve_anim_grow\" data-id=\"8115\" data-selector=\".post-wrapper\"><style class=\"tcb-post-list-dynamic-style\" type=\"text\/css\">@media (min-width: 300px){[].tcb-post-list #post-8115 []{background-image: url(\u00ab\u00a0https:\/\/www.paristouristinformation.fr\/fr\/wp-content\/uploads\/2021\/12\/Simple-Guide-to-Paris-Airbnb-Rentals-1024x538.jpg\u00ab\u00a0) !important;}[].tcb-post-list #post-8115 []:hover []{background-image: url(\u00ab\u00a0https:\/\/www.paristouristinformation.fr\/fr\/wp-content\/uploads\/2021\/12\/Simple-Guide-to-Paris-Airbnb-Rentals-1024x538.jpg\u00ab\u00a0) !important;}}<\/style><a href=\"https:\/\/www.paristouristinformation.fr\/fr\/location-airbnb-paris\/\" dynamic-postlink=\"tcb_post_the_permalink\" data-shortcode-id=\"8399\"><\/a><\/p>\n<h3 style=\"text-align: center; padding-top: 0px !important; margin-top: 0px !important;\"><span data-attr-link=\"1\" data-attr-rel=\"0\" data-attr-target=\"0\" data-extra_key=\"\" data-option-inline=\"1\" data-shortcode=\"tcb_post_title\" data-shortcode-name=\"Post title\" data-attr-css=\"\" data-attr-static-link=\"{&quot;className&quot;:&quot;tve-froala fr-basic&quot;,&quot;href&quot;:&quot;https:\/\/www.paristouristinformation.fr\/fr\/faq\/apps\/&quot;,&quot;title&quot;:&quot;TOP 12 des meilleures applications pour visiter Paris : Transport, d\u00e9couverte, conseils&quot;,&quot;class&quot;:&quot;tve-froala fr-basic&quot;}\" style=\"\"><a href=\"https:\/\/www.paristouristinformation.fr\/fr\/location-airbnb-paris\/\" title=\"Guide simple des locations Airbnb \u00e0 Paris\" data-css=\"\" class=\"tve-froala fr-basic\">Guide simple des locations Airbnb \u00e0 Paris<\/a><\/span><\/h3>\n<p><\/article><\/div>\n","protected":false},"excerpt":{"rendered":"<p>Personne n&rsquo;a envie de se faire voler en plein milieu de ses vacances, dans un moment de distraction fugace. Dans de nombreux cas, les pickpockets sont difficiles \u00e0 \u00e9viter. Ils font de leur mieux pour se fondre dans leur environnement et rester hors de vue.Nous vous avons donn\u00e9 dans cet article quelques conseils simples pour [&hellip;]<\/p>\n","protected":false},"author":11,"featured_media":9027,"parent":6992,"menu_order":0,"comment_status":"closed","ping_status":"closed","template":"","meta":{"footnotes":""},"tags":[],"class_list":{"0":"post-8889","1":"page","2":"type-page","3":"status-publish","4":"has-post-thumbnail","5":"hentry","6":"post-wrapper","7":"thrv_wrapper","10":"thrive-animated-item"},"_links":{"self":[{"href":"https:\/\/www.paristouristinformation.fr\/fr\/wp-json\/wp\/v2\/pages\/8889","targetHints":{"allow":["GET"]}}],"collection":[{"href":"https:\/\/www.paristouristinformation.fr\/fr\/wp-json\/wp\/v2\/pages"}],"about":[{"href":"https:\/\/www.paristouristinformation.fr\/fr\/wp-json\/wp\/v2\/types\/page"}],"author":[{"embeddable":true,"href":"https:\/\/www.paristouristinformation.fr\/fr\/wp-json\/wp\/v2\/users\/11"}],"replies":[{"embeddable":true,"href":"https:\/\/www.paristouristinformation.fr\/fr\/wp-json\/wp\/v2\/comments?post=8889"}],"version-history":[{"count":0,"href":"https:\/\/www.paristouristinformation.fr\/fr\/wp-json\/wp\/v2\/pages\/8889\/revisions"}],"up":[{"embeddable":true,"href":"https:\/\/www.paristouristinformation.fr\/fr\/wp-json\/wp\/v2\/pages\/6992"}],"wp:featuredmedia":[{"embeddable":true,"href":"https:\/\/www.paristouristinformation.fr\/fr\/wp-json\/wp\/v2\/media\/9027"}],"wp:attachment":[{"href":"https:\/\/www.paristouristinformation.fr\/fr\/wp-json\/wp\/v2\/media?parent=8889"}],"wp:term":[{"taxonomy":"post_tag","embeddable":true,"href":"https:\/\/www.paristouristinformation.fr\/fr\/wp-json\/wp\/v2\/tags?post=8889"}],"curies":[{"name":"wp","href":"https:\/\/api.w.org\/{rel}","templated":true}]}}