{"id":9808,"date":"2021-09-20T07:37:05","date_gmt":"2021-09-20T07:37:05","guid":{"rendered":"http:\/\/paristouristinformation.fr\/fr\/?page_id=9808"},"modified":"2023-10-05T08:43:32","modified_gmt":"2023-10-05T08:43:32","slug":"meilleur-guide-audio-de-paris","status":"publish","type":"page","link":"https:\/\/www.paristouristinformation.fr\/fr\/meilleur-guide-audio-de-paris\/","title":{"rendered":"Meilleur guide audio de Paris"},"content":{"rendered":"<h1><span style=\"font-weight: normal;\">Revue de nos meilleurs guides audio de Paris<\/span><\/h1>\n<p>D\u00e9couvrez Paris \u00e0 votre rythme gr\u00e2ce \u00e0 notre syst\u00e8me d&rsquo;audioguide facile \u00e0 utiliser et tr\u00e8s pratique !<\/p>\n<p><span><img loading=\"lazy\" decoding=\"async\" alt=\"\" data-id=\"9833\" width=\"600\" height=\"270\" title=\"yourmobileguide red logo\" src=\"http:\/\/paristouristinformation.fr\/fr\/wp-content\/uploads\/2021\/09\/yourmobileguide-red-logo.png\" data-width=\"600\" data-height=\"270\" data-init-width=\"1132\" data-init-height=\"510\" style=\"aspect-ratio: auto 1132 \/ 510;\"><\/span><\/p>\n<h2 style=\"text-align: center;\" id=\"t-1632128500415\">Liste des meilleures visites guid\u00e9es audio de Paris<\/h2>\n<p>Voici notre liste des meilleurs guides audio pour Paris, avec de brefs r\u00e9sum\u00e9s et des \u00e9chantillons audio.Vous souhaitez d\u00e9couvrir la ville de l&rsquo;amour par vous-m\u00eame, tout en profitant d&rsquo;une visite guid\u00e9e professionnelle ? Alors vous appr\u00e9cierez certainement nos visites audio autoguid\u00e9es ! Avec l&rsquo;application audioguide de YourMobileGuide, qui peut \u00eatre effectu\u00e9e \u00e0 pied, \u00e0 v\u00e9lo, en voiture et dans les transports publics, vous aurez toujours votre guide personnel sur votre propre smartphone !D&rsquo;autres fonctionnalit\u00e9s int\u00e9ressantes sont les billets \u00e0 prix r\u00e9duit ainsi qu&rsquo;un guide urbain gratuit avec fonction GPS et des filtres tels que Top Sights, Romantic Places, Restaurants &amp; Bars, Things to Do on Rainy Weather et bien d&rsquo;autres encore.<\/p>\n<h4 style=\"\">1. Explorer le quartier de Notre-Dame<\/h4>\n<p>Embarquez pour un voyage dans le c\u0153ur historique de Paris avec des informations de fond divertissantes sur la riche histoire de Paris. L&rsquo;audioguide vous conduira \u00e0 travers le quartier de Notre-Dame vers les plus beaux endroits et monuments, notamment la cath\u00e9drale Notre-Dame et le mus\u00e9e du Louvre.<\/p>\n<h4 style=\"\">2. Visite guid\u00e9e de Montmartre<\/h4>\n<p>Plongez dans le charmant quartier boh\u00e8me de Montmartre et d\u00e9couvrez une toute autre facette de Paris. Des joyaux cach\u00e9s aux sites touristiques, l&rsquo;audioguide vous accompagnera avec des anecdotes passionnantes sur les points forts de l&rsquo;ancien village.<\/p>\n<h4 style=\"\">3. Visite du quartier latin : Le Paris intellectuel<\/h4>\n<p>Apprenez \u00e0 conna\u00eetre le lieu de rencontre des artistes et des intellectuels lors de cette visite autoguid\u00e9e du Quartier Latin. Ayez un aper\u00e7u de l&rsquo;\u00e2ge d&rsquo;or de Paris, ressentez le flair incomparable du quartier \u00e9tudiant et d\u00e9couvrez ses plus beaux sites.<\/p>\n<h2 style=\"text-align: center;\" id=\"t-1632128500411\">L&rsquo;application qui vous fournit un guide local dans votre poche<\/h2>\n<p><span><img loading=\"lazy\" decoding=\"async\" alt=\"\" data-id=\"9833\" width=\"450\" data-init-width=\"1132\" height=\"203\" data-init-height=\"510\" title=\"yourmobileguide red logo\" src=\"http:\/\/paristouristinformation.fr\/fr\/wp-content\/uploads\/2021\/09\/yourmobileguide-red-logo.png\" data-width=\"450\" data-height=\"203\" style=\"aspect-ratio: auto 1132 \/ 510;\"><\/span><\/p>\n<p style=\"text-align: center;\">En tant que ParisTouristInformation, notre mission est de montrer aux touristes \u00e0 quel point la capitale fran\u00e7aise est unique et belle. C&rsquo;est pourquoi nous sommes toujours \u00e0 la recherche des meilleurs moyens de transmettre la richesse de notre ville d&rsquo;une mani\u00e8re authentique et progressive.C&rsquo;est ainsi que nous avons d\u00e9couvert le syst\u00e8me d&rsquo;audioguidage de <strong>YourMobileGuide<\/strong>. L&rsquo;application Audio Guide, qui permet aux voyageurs d&rsquo;utiliser leur propre smartphone pour explorer la ville \u00e0 v\u00e9lo, en voiture, \u00e0 pied, en bateau ou par les transports publics, nous a absolument surpris par son caract\u00e8re innovant et convivial !Pour vous, nous avons cr\u00e9\u00e9 quelques audioguides originaux sur diff\u00e9rents th\u00e8mes, quartiers et mus\u00e9es parisiens, pr\u00e9sentant notre ville aux personnes du monde entier tout en fournissant des conseils d&rsquo;initi\u00e9s et des exp\u00e9riences sp\u00e9ciales ! Un point fort pour nous est <a href=\"https:\/\/web.yourmobileguide.com\/tours\/france\/paris\/freemap\/paris-free-city-guide\" target=\"_blank\" style=\"outline: none;\" rel=\"noopener nofollow\">le guide gratuit avec fonction GPS<\/a>, qui permet \u00e0 nos visiteurs de trouver des endroits sp\u00e9ciaux \u00e0 Paris, m\u00eame hors ligne. Gr\u00e2ce \u00e0 l&rsquo;option de cr\u00e9ation de filtres, trouvez de grandes cat\u00e9gories pour d\u00e9couvrir la fantastique ville de Paris selon vos propres termes. <span style=\"text-decoration: underline;\">Quelques filtres disponibles <\/span>: top sites, lieux romantiques ou insolites, attractions pour enfants ou activit\u00e9s par temps de pluie.<strong>N&rsquo;attendez pas, t\u00e9l\u00e9chargez gratuitement l&rsquo;application YourMobileGuide d\u00e8s maintenant !<\/strong><\/p>\n<h2 id=\"t-1632128500412\" data-alt-text=\"Download The App for Free\">YourMobileGuide vous permet de d\u00e9couvrir Paris \u00e0 votre rythme, avec un guide local dans votre t\u00e9l\u00e9phone, toujours disponible.<\/h2>\n<p>T\u00e9l\u00e9chargez gratuitement notre application city guide et d\u00e9couvrez tous les secrets de Paris pour les guides locaux.<\/p>\n<p style=\"\">+95<\/p>\n<p>Guides des villes disponibles<\/p>\n<p style=\"\">+50<\/p>\n<p>Villes principales<\/p>\n<p style=\"\">+350<\/p>\n<p>Guides locaux \u00e0 votre service<\/p>\n<h2 style=\"text-align: center;\" id=\"t-1632128500413\" data-alt-text=\"YourMobileGuide: How does it work ?\">VotreGuideMobile : Comment cela fonctionne-t-il ?<\/h2>\n<p><strong>\u00c9tape 1 :<\/strong> Tout d&rsquo;abord,<a href=\"https:\/\/apps.apple.com\/us\/app\/your-mobile-guide\/id1557458035\" target=\"_blank\" style=\"outline: none;\" rel=\"noopener nofollow\"> t\u00e9l\u00e9chargez gratuitement l&rsquo;application YourMobileGuide<\/a> sur votre t\u00e9l\u00e9phone iOS ou Android ou utilisez simplement la version web. L&rsquo;application vous donnera acc\u00e8s \u00e0 du contenu gratuit que vous pourrez appr\u00e9cier, ainsi qu&rsquo;\u00e0 des audioguides de Paris ou d&rsquo;autres grandes villes.<\/p>\n<p><strong>\u00c9tape 2 :<\/strong> Ouvrez l&rsquo;acc\u00e8s \u00e0 la g\u00e9olocalisation et l&rsquo;application d\u00e9terminera o\u00f9 vous \u00eates et tous les meilleurs guides audio disponibles autour de vous.<\/p>\n<p><strong>\u00c9tape 3 :<\/strong> Achetez un audioguide original de votre choix pour seulement quelques euros et commencez \u00e0 l&rsquo;\u00e9couter et \u00e0 suivre la trajectoire ou utilisez le guide de la ville gratuitement.<\/p>\n<p><strong>\u00c9coutez chez vous :<\/strong> Si vous le souhaitez, vous pouvez \u00e9galement choisir l&rsquo;audioguide de votre choix depuis chez vous, et \u00e9couter les secrets de Paris depuis votre canap\u00e9 !<\/p>\n<p><strong>En t\u00e9l\u00e9chargeant seulement l&rsquo;application YourMobileGuide<\/strong>, vous aurez un<strong><span style=\"color: var(--tcb-skin-color-8);\"> acc\u00e8s gratuit<\/span><\/strong> \u00e0 :<\/p>\n<ul>\n<li>City Maps pour se d\u00e9placer facilement dans la ville<\/li>\n<li>R\u00e9ductions sur les billets des principales attractions<\/li>\n<li>Guides \u00e9crits de +100 lieux, mus\u00e9es, parcs, curiosit\u00e9s&#8230;<\/li>\n<\/ul>\n<h4>Plans de ville gratuits<\/h4>\n<h4>R\u00e9ductions sur les billets<\/h4>\n<h4>Guides \u00e9crits gratuits<\/h4>\n<h2 style=\"text-align: center;\" id=\"t-1632128500414\" data-alt-text=\"Try the App with a Free Sample\">Vous voulez l&rsquo;essayer ?<\/h2>\n<p style=\"text-align: center;\">\u00c9coutez votre premier guide audio en cliquant ici :<\/p>\n","protected":false},"excerpt":{"rendered":"<p>Revue de nos meilleurs guides audio de Paris D\u00e9couvrez Paris \u00e0 votre rythme gr\u00e2ce \u00e0 notre syst\u00e8me d&rsquo;audioguide facile \u00e0 utiliser et tr\u00e8s pratique ! Liste des meilleures visites guid\u00e9es audio de Paris Voici notre liste des meilleurs guides audio pour Paris, avec de brefs r\u00e9sum\u00e9s et des \u00e9chantillons audio.Vous souhaitez d\u00e9couvrir la ville de [&hellip;]<\/p>\n","protected":false},"author":11,"featured_media":9753,"parent":0,"menu_order":0,"comment_status":"closed","ping_status":"closed","template":"","meta":{"footnotes":""},"tags":[],"class_list":["post-9808","page","type-page","status-publish","has-post-thumbnail","hentry","post-wrapper","thrv_wrapper"],"_links":{"self":[{"href":"https:\/\/www.paristouristinformation.fr\/fr\/wp-json\/wp\/v2\/pages\/9808","targetHints":{"allow":["GET"]}}],"collection":[{"href":"https:\/\/www.paristouristinformation.fr\/fr\/wp-json\/wp\/v2\/pages"}],"about":[{"href":"https:\/\/www.paristouristinformation.fr\/fr\/wp-json\/wp\/v2\/types\/page"}],"author":[{"embeddable":true,"href":"https:\/\/www.paristouristinformation.fr\/fr\/wp-json\/wp\/v2\/users\/11"}],"replies":[{"embeddable":true,"href":"https:\/\/www.paristouristinformation.fr\/fr\/wp-json\/wp\/v2\/comments?post=9808"}],"version-history":[{"count":0,"href":"https:\/\/www.paristouristinformation.fr\/fr\/wp-json\/wp\/v2\/pages\/9808\/revisions"}],"wp:featuredmedia":[{"embeddable":true,"href":"https:\/\/www.paristouristinformation.fr\/fr\/wp-json\/wp\/v2\/media\/9753"}],"wp:attachment":[{"href":"https:\/\/www.paristouristinformation.fr\/fr\/wp-json\/wp\/v2\/media?parent=9808"}],"wp:term":[{"taxonomy":"post_tag","embeddable":true,"href":"https:\/\/www.paristouristinformation.fr\/fr\/wp-json\/wp\/v2\/tags?post=9808"}],"curies":[{"name":"wp","href":"https:\/\/api.w.org\/{rel}","templated":true}]}}